{"id":831,"date":"2020-03-19T18:04:34","date_gmt":"2020-03-19T21:04:34","guid":{"rendered":"https:\/\/ubmusic-que.ca\/cms\/?page_id=831"},"modified":"2020-03-22T17:07:18","modified_gmt":"2020-03-22T20:07:18","slug":"musicotherapie-en-ligne","status":"publish","type":"page","link":"https:\/\/ubmusic-que.ca\/fr\/nos-services\/musicotherapie-en-ligne\/","title":{"rendered":"Musicoth\u00e9rapie en ligne"},"content":{"rendered":"<p><b>Ce que nous pouvons faire en ligne<\/b><\/p>\n<p>Voici quelques exemples que nous pourrions abord\u00e9 lors de vos sessions en ligne avec votre th\u00e9rapeute.<\/p>\n<p>\u2022\tNos interactions musicales pour soutenir l\u2019engagement social<br \/>\n\u2022\tDes jeux musicaux pour cr\u00e9er des liens familiaux et d\u00e9velopper des comp\u00e9tences en r\u00e9solution de probl\u00e8mes<br \/>\n\u2022\tL\u2019\u00e9criture de chansons pour l\u2019expression de soi<br \/>\n\u2022\tPour la r\u00e9habilitation, des exercices de musique et de mouvement<br \/>\n\u2022\tDe conseils pratiques pour les proche-aidant afin d\u2019int\u00e9grer des interventions \u00e0 la maison appropri\u00e9<br \/>\n\u2022\tCr\u00e9ation de \u201cplaylist\u201d cibl\u00e9e pour le soutien de l\u2019humeur<br \/>\n\u2022\tL\u2019\u00e9coute active des chansons famili\u00e8res et pr\u00e9f\u00e9r\u00e9es pour stimuler des \u00e9tats d\u2019humeur positifs<br \/>\n\u2022\tUne d\u00e9tente guid\u00e9e pour soulager l\u2019anxi\u00e9t\u00e9 et le stress<br \/>\n\u2022\tSupport requis pour vous soutenir dans vos transitions de vie<\/p>\n<p>Chaque intervention sera \u00e9valu\u00e9e dans le moment, afin d\u2019assurer un maximum de b\u00e9n\u00e9fices et de s\u00e9curit\u00e9 pour le(s) client(s). Dans l\u2019int\u00e9rim, ce sont les meilleurs services de musicoth\u00e9rapie, fiables et de haute qualit\u00e9, avec la commodit\u00e9 et la flexibilit\u00e9 de planifier des r\u00e9unions en face \u00e0 face avec votre th\u00e9rapeute, peu importe o\u00f9 vous \u00eates!<\/p>\n<p>La musicoth\u00e9rapie, certifi\u00e9e, en ligne, est un excellent outil afin d\u2019accommoder les gens \u00e0 mobilit\u00e9 r\u00e9duite, les gens qui habitent en r\u00e9gion \u00e9loign\u00e9e ou en voyage. Nous pouvons r\u00e9pondre \u00e0 tous vos besoins.<\/p>\n<p><b>Posez-nous des questions et planifiez vos s\u00e9ances<\/b><\/p>\n<p>1.\tEnvoyez un courriel \u00e0 UBMusic-que@protonmail.com pour poser vos questions ou planifier votre rendez-vous avec Dominique Piqugard, MTA, votre musicoth\u00e9rapeute certifi\u00e9e.<\/p>\n<p>2.\tVous aurez \u00e0 remplir le formulaire d\u2019admission. Une \u00e9valuation sera compl\u00e9t\u00e9e pour d\u00e9terminer si le service en ligne peut \u00eatre adapt\u00e9 \u00e0 vos besoins.<\/p>\n<p>3.\tLe co\u00fbt de services sera \u00e9valu\u00e9 et confirm\u00e9.<\/p>\n<p>4.\tNous vous mettrons ensuite en relation avec un th\u00e9rapeute disponible et adapt\u00e9 \u00e0 vos besoins. *<\/p>\n<p>5.\tSi vous \u00eates un client existant, votre th\u00e9rapeute actuel vous contactera pour discuter de la planification.<\/p>\n<p>6.\tUne confirmation finale sera envoy\u00e9e par e-mail.<\/p>\n<p><b>Les frais de th\u00e9rapie en ligne<\/b><\/p>\n<p> Les frais pour la musicoth\u00e9rapie en ligne sont les m\u00eames que pour la musicoth\u00e9rapie en personne. Vous pouvez payer votre fracture par services bancaires en ligne, ou par PayPal.<\/p>\n<p>Prenez note que tous les services et frais sont discutez au pr\u00e9alable.<\/p>\n<p><b>Configuration de l&#8217;ordinateur pour la th\u00e9rapie en ligne<\/b><\/p>\n<p>Un ordinateur avec des capacit\u00e9s audio \/ vid\u00e9o ou une carte \u00e0 puce et une connexion Internet est requis.<\/p>\n<p>La meilleure application pour la musicoth\u00e9rapie en ligne sera discut\u00e9e avec votre th\u00e9rapeute.<\/p>\n<p>Tous mes meilleurs v\u0153ux de bonne sant\u00e9,<\/p>\n<p>Dominique Piqugard, MTA<br \/>\nCertified Music Therapist \/ Musicoth\u00e9rapeute Certifi\u00e9e<br \/>\nOwner and supervisor \/ propri\u00e9taire et superviseur<br \/>\nUB Music-que Therapy Services &#8211; services th\u00e9rapeutiques<br \/>\nMusic with a purpose \/ La musique avec de l&#8217;intention<br \/>\nT: 1(506)233-0864<br \/>\nW: www.ubmusic-que.ca<br \/>\nE: UBMusic-que@protonmail.com<\/p>\n","protected":false},"excerpt":{"rendered":"<p>Ce que nous pouvons faire en ligne Voici quelques exemples que nous pourrions abord\u00e9 lors de vos sessions en ligne avec votre th\u00e9rapeute. \u2022 Nos interactions musicales pour soutenir l\u2019engagement social \u2022 Des jeux musicaux pour cr\u00e9er des liens familiaux &hellip; <a href=\"https:\/\/ubmusic-que.ca\/fr\/nos-services\/musicotherapie-en-ligne\/\">Continuer la lecture <span class=\"meta-nav\"> \u00bb<\/span><\/a><\/p>\n","protected":false},"author":1,"featured_media":0,"parent":403,"menu_order":0,"comment_status":"closed","ping_status":"closed","template":"","meta":{"om_disable_all_campaigns":false,"_monsterinsights_skip_tracking":false,"_monsterinsights_sitenote_active":false,"_monsterinsights_sitenote_note":"","_monsterinsights_sitenote_category":0,"footnotes":""},"class_list":["post-831","page","type-page","status-publish","hentry"],"aioseo_notices":[],"_links":{"self":[{"href":"https:\/\/ubmusic-que.ca\/fr\/wp-json\/wp\/v2\/pages\/831","targetHints":{"allow":["GET"]}}],"collection":[{"href":"https:\/\/ubmusic-que.ca\/fr\/wp-json\/wp\/v2\/pages"}],"about":[{"href":"https:\/\/ubmusic-que.ca\/fr\/wp-json\/wp\/v2\/types\/page"}],"author":[{"embeddable":true,"href":"https:\/\/ubmusic-que.ca\/fr\/wp-json\/wp\/v2\/users\/1"}],"replies":[{"embeddable":true,"href":"https:\/\/ubmusic-que.ca\/fr\/wp-json\/wp\/v2\/comments?post=831"}],"version-history":[{"count":6,"href":"https:\/\/ubmusic-que.ca\/fr\/wp-json\/wp\/v2\/pages\/831\/revisions"}],"predecessor-version":[{"id":864,"href":"https:\/\/ubmusic-que.ca\/fr\/wp-json\/wp\/v2\/pages\/831\/revisions\/864"}],"up":[{"embeddable":true,"href":"https:\/\/ubmusic-que.ca\/fr\/wp-json\/wp\/v2\/pages\/403"}],"wp:attachment":[{"href":"https:\/\/ubmusic-que.ca\/fr\/wp-json\/wp\/v2\/media?parent=831"}],"curies":[{"name":"wp","href":"https:\/\/api.w.org\/{rel}","templated":true}]}}