{"id":427,"date":"2017-11-17T18:14:28","date_gmt":"2017-11-17T22:14:28","guid":{"rendered":"https:\/\/ubmusic-que.ca\/cms\/?page_id=427"},"modified":"2021-04-19T00:10:59","modified_gmt":"2021-04-19T03:10:59","slug":"musicotherapie","status":"publish","type":"page","link":"https:\/\/ubmusic-que.ca\/fr\/musicotherapie\/","title":{"rendered":"Musicoth\u00e9rapie"},"content":{"rendered":"<p><strong>C&#8217;est quoi la musicoth\u00e9rapie?<\/strong><br \/>\nLa musicoth\u00e9rapie est une pratique fond\u00e9e sur des recherches en psychologie, en neurologie, en musicologie et en m\u00e9decine. En tant que musicoth\u00e9rapeute certifi\u00e9e, j&#8217;utilise la musique pour aider chaque personne \u00e0 atteindre des objectifs fonctionnels afin d&#8217;am\u00e9liorer son bien\u00eatre et pour guider chaque personne vers une meilleure qualit\u00e9 de vie.<br \/>\n<strong>l&#8217;Association des musicoth\u00e9rapeutes canadienne (l&#8217;AMC) d\u00e9fini la musicoth\u00e9rapie en \u00e9tant:<\/strong><br \/>\n\u00abune discipline dans laquelle des individus avec des comp\u00e9tences professionnelles (*MTA) utilisent la musique \u00e0 l\u2019int\u00e9rieur du lien th\u00e9rapeutique afin de soutenir le d\u00e9veloppement, la sant\u00e9 et le bien-\u00eatre. Les musicoth\u00e9rapeutes se servent de la musique de fa\u00e7on s\u00e9curitaire et \u00e9thique pour r\u00e9pondre aux besoins humains sur le plan de la communication et aussi sur les plans cognitif, musical, physique, social et spirituel.\u00bb<br \/>\nl&#8217;Association des musicoth\u00e9rapeutes canadienne &ndash; juin 2016<\/p>\n<p><strong>Ma definition simple c\u2019est \u2026<\/strong><\/p>\n<p>\u00ab L\u2019utilisation planifi\u00e9 de la musique par une professionnelle certifi\u00e9e (*MTA) pour aider les gens a atteindre des buts vers leur sant\u00e9 et bien-\u00eatres globales. \u00bb <\/p>\n<p>*Musicoth\u00e9rapeute Accr\u00e9dit\u00e9e <\/p>\n<p>Nous commen\u00e7ons toujours par une \u00e9valuation, puis un plan de traitement qui est convenu pour aider \u00e0 diriger et \u00e0 orienter l&#8217;objectif des s\u00e9ances de musicoth\u00e9rapie. Les objectifs seront diff\u00e9rents selon les besoins de la personne. Cliquez <a href=\"https:\/\/ubmusic-que.ca\/fr\/musicotherapie\/buts-therapeutiques\/\">ici d&#8217;informations sur les objectifs th\u00e9rapeutiques possibles<\/a> qqui peuvent \u00eatre abord\u00e9s lors des s\u00e9ances de musicoth\u00e9rapie.<\/a><\/p>\n<p>Si, entre-temps, vous souhaitez obtenir des informations et des recherches plus d\u00e9taill\u00e9es sur la musicoth\u00e9rapie et son fonctionnement, nous vous proposons <a href=\"\/?page_id=397\">des liens ici<\/a> vers notre page de ressources.<\/p>\n","protected":false},"excerpt":{"rendered":"<p>C&#8217;est quoi la musicoth\u00e9rapie? La musicoth\u00e9rapie est une pratique fond\u00e9e sur des recherches en psychologie, en neurologie, en musicologie et en m\u00e9decine. En tant que musicoth\u00e9rapeute certifi\u00e9e, j&#8217;utilise la musique pour aider chaque personne \u00e0 atteindre des objectifs fonctionnels afin &hellip; <a href=\"https:\/\/ubmusic-que.ca\/fr\/musicotherapie\/\">Continuer la lecture <span class=\"meta-nav\"> \u00bb<\/span><\/a><\/p>\n","protected":false},"author":1,"featured_media":0,"parent":0,"menu_order":1,"comment_status":"closed","ping_status":"closed","template":"","meta":{"om_disable_all_campaigns":false,"_monsterinsights_skip_tracking":false,"_monsterinsights_sitenote_active":false,"_monsterinsights_sitenote_note":"","_monsterinsights_sitenote_category":0,"footnotes":""},"class_list":["post-427","page","type-page","status-publish","hentry"],"aioseo_notices":[],"_links":{"self":[{"href":"https:\/\/ubmusic-que.ca\/fr\/wp-json\/wp\/v2\/pages\/427","targetHints":{"allow":["GET"]}}],"collection":[{"href":"https:\/\/ubmusic-que.ca\/fr\/wp-json\/wp\/v2\/pages"}],"about":[{"href":"https:\/\/ubmusic-que.ca\/fr\/wp-json\/wp\/v2\/types\/page"}],"author":[{"embeddable":true,"href":"https:\/\/ubmusic-que.ca\/fr\/wp-json\/wp\/v2\/users\/1"}],"replies":[{"embeddable":true,"href":"https:\/\/ubmusic-que.ca\/fr\/wp-json\/wp\/v2\/comments?post=427"}],"version-history":[{"count":10,"href":"https:\/\/ubmusic-que.ca\/fr\/wp-json\/wp\/v2\/pages\/427\/revisions"}],"predecessor-version":[{"id":929,"href":"https:\/\/ubmusic-que.ca\/fr\/wp-json\/wp\/v2\/pages\/427\/revisions\/929"}],"wp:attachment":[{"href":"https:\/\/ubmusic-que.ca\/fr\/wp-json\/wp\/v2\/media?parent=427"}],"curies":[{"name":"wp","href":"https:\/\/api.w.org\/{rel}","templated":true}]}}