{"id":420,"date":"2017-11-17T18:05:36","date_gmt":"2017-11-17T22:05:36","guid":{"rendered":"https:\/\/ubmusic-que.ca\/cms\/?page_id=420"},"modified":"2019-01-29T12:48:26","modified_gmt":"2019-01-29T16:48:26","slug":"buts-therapeutiques","status":"publish","type":"page","link":"https:\/\/ubmusic-que.ca\/fr\/musicotherapie\/buts-therapeutiques\/","title":{"rendered":"Buts th\u00e9rapeutiques"},"content":{"rendered":"<p>La musique est notre instrument de travail et notre moyen d&#8217;aider les personnes de tous les \u00e2ges d&#8217;am\u00e9liorer leurs:<br \/>\n&#8211; aptitudes socio-\u00e9motionnelle; et<br \/>\n&#8211; rappelles de m\u00e9moire et les aptitudes d&#8217;apprentissage;<br \/>\n&#8211; aptitudes de motrices fines et globales;<br \/>\n&#8211; aptitudes en communication expressives et r\u00e9ceptives;<br \/>\n&#8211; le bien-\u00eatre psycho-spirituel<\/p>\n<p>Pour avoir une meilleure id\u00e9e comme nous addressons ses buts \u00e0 travers la musique, veuillez voir <a href=\"\/?page_id=397\" rel=\"noopener\" target=\"_blank\">les recherches scientifiques currente ici<\/a><\/p>\n<p>Ce sont que quelques buts th\u00e9rapeutiques qui font parti de plusieurs autres. C&#8217;est pour vous donner une id\u00e9e des fa\u00e7ons que nous pouvons utiliser la musique comme un outil th\u00e9rapeutique. Chaqu&#8217;une de vous ont son propre cheminement et concept de bien-\u00eatre. Nous voulons vous aider \u00e0 am\u00e9liorer votre qualit\u00e9 de vie, inclusion sociale, et favoriser des opportunit\u00e9s de bien-\u00eatres communautaires.<\/p>\n","protected":false},"excerpt":{"rendered":"<p>La musique est notre instrument de travail et notre moyen d&#8217;aider les personnes de tous les \u00e2ges d&#8217;am\u00e9liorer leurs: &#8211; aptitudes socio-\u00e9motionnelle; et &#8211; rappelles de m\u00e9moire et les aptitudes d&#8217;apprentissage; &#8211; aptitudes de motrices fines et globales; &#8211; aptitudes &hellip; <a href=\"https:\/\/ubmusic-que.ca\/fr\/musicotherapie\/buts-therapeutiques\/\">Continuer la lecture <span class=\"meta-nav\"> \u00bb<\/span><\/a><\/p>\n","protected":false},"author":1,"featured_media":0,"parent":427,"menu_order":2,"comment_status":"closed","ping_status":"closed","template":"","meta":{"om_disable_all_campaigns":false,"_monsterinsights_skip_tracking":false,"_monsterinsights_sitenote_active":false,"_monsterinsights_sitenote_note":"","_monsterinsights_sitenote_category":0,"footnotes":""},"class_list":["post-420","page","type-page","status-publish","hentry"],"aioseo_notices":[],"_links":{"self":[{"href":"https:\/\/ubmusic-que.ca\/fr\/wp-json\/wp\/v2\/pages\/420","targetHints":{"allow":["GET"]}}],"collection":[{"href":"https:\/\/ubmusic-que.ca\/fr\/wp-json\/wp\/v2\/pages"}],"about":[{"href":"https:\/\/ubmusic-que.ca\/fr\/wp-json\/wp\/v2\/types\/page"}],"author":[{"embeddable":true,"href":"https:\/\/ubmusic-que.ca\/fr\/wp-json\/wp\/v2\/users\/1"}],"replies":[{"embeddable":true,"href":"https:\/\/ubmusic-que.ca\/fr\/wp-json\/wp\/v2\/comments?post=420"}],"version-history":[{"count":4,"href":"https:\/\/ubmusic-que.ca\/fr\/wp-json\/wp\/v2\/pages\/420\/revisions"}],"predecessor-version":[{"id":682,"href":"https:\/\/ubmusic-que.ca\/fr\/wp-json\/wp\/v2\/pages\/420\/revisions\/682"}],"up":[{"embeddable":true,"href":"https:\/\/ubmusic-que.ca\/fr\/wp-json\/wp\/v2\/pages\/427"}],"wp:attachment":[{"href":"https:\/\/ubmusic-que.ca\/fr\/wp-json\/wp\/v2\/media?parent=420"}],"curies":[{"name":"wp","href":"https:\/\/api.w.org\/{rel}","templated":true}]}}