{"id":416,"date":"2017-11-17T17:55:17","date_gmt":"2017-11-17T21:55:17","guid":{"rendered":"https:\/\/ubmusic-que.ca\/cms\/?page_id=416"},"modified":"2026-01-23T21:07:40","modified_gmt":"2026-01-24T01:07:40","slug":"dominique-piqugard","status":"publish","type":"page","link":"https:\/\/ubmusic-que.ca\/fr\/a-propos\/dominique-piqugard\/","title":{"rendered":"Dominique Piqugard, MTA"},"content":{"rendered":"<p><a href=\"https:\/\/ubmusic-que.ca\/cms\/wp-content\/uploads\/2026\/01\/HeadShot-JeremieDorion.png\"><img loading=\"lazy\" decoding=\"async\" src=\"https:\/\/ubmusic-que.ca\/cms\/wp-content\/uploads\/2026\/01\/HeadShot-JeremieDorion.png\" alt=\"\" width=\"300\" height=\"199\" class=\"alignleft size-medium wp-image-244\"><\/a> Bonjour, je m&#8217;appelle Dominique Piqugard. Je suis musicoth\u00e9rapeute certifi\u00e9e (MTA*) et propri\u00e9taire de UB Music-que services th\u00e9rapeutiques. Depuis plus de 25 ans, j&#8217;\u00e9tudie la musique. J&#8217;ai \u00e9tudi\u00e9 le jazz et le chant classique \u00e0 Montr\u00e9al avec des professeures de chant priv\u00e9es. J&#8217;ai poursuivie mes \u00e9tudes de musique au Coll\u00e8ge Vanier, suivi par un baccalaur\u00e9at en beaux arts \u00e0 l&#8217;Universit\u00e9 York, o\u00f9 j&#8217;ai concentr\u00e9 mes \u00e9tudes sur la musique vocales de diverses cultures. En 2014, j&#8217;ai obtenu mon certificat d&#8217;\u00e9tudes sup\u00e9rieures en musicoth\u00e9rapie de l&#8217;Universit\u00e9 Concordia \u00e0 Montr\u00e9al, Qu\u00e9bec. En novembre 2015, j&#8217;ai re\u00e7u mes qualifications MTA* du Certified Board of Music Therapists (CBMT) et de l&#8217;Association canadienne de musicoth\u00e9rapeutes (l&#8217;ACM).<\/p>\n<p>N\u00e9 de mes propres luttes m\u00e9dicales lorsque j&#8217;\u00e9tais enfant, la musique, mon amour du chant, du piano et de l&#8217;\u00e9criture de chansons m&#8217;a amen\u00e9 vers un univers extraordinaire. Depuis la musique occupe une place toute particuli\u00e8re dans ma vie. J\u2019ai d\u00e9couvert qu\u2019elle est une fa\u00e7on de se connecter avec nos \u00e9motions.  La m\u00e9lodie, le rythme, la m\u00e9taphore et l\u2019harmonie sont des outils puissants de ressentir de ce que nous n\u2019arrivons pas \u00e0 exprimer en mots. <\/p>\n<p>Je pratique, actuellement, comme une musicoth\u00e9rapeute au Sud-Est du Nouveau-Brunswick. Je suis un membre professionnel de l\u2019Association canadienne de musicoth\u00e9rapeutes (l\u2019ACM) et sa branche atlantique \u201cAtlantic Association of Music Therapists\u201d (AAMT). Je suis aussi membre de l\u2019organisation NB COPES Child and Family Grief Centre, nouvellement fond\u00e9 en 2020.<\/p>\n<p>Mon voyage pour grandir et apprendre continue. Ma formation continue depuis ma certification en 2015 comprend une certification en musicoth\u00e9rapie neurologique (NMT) en mai 2016, ainsi que des ateliers lors des conf\u00e9rences de l&#8217;ACM, y compris des cours en ligne sur la musicoth\u00e9rapie \u00e9cologique, un cours somatique (bas\u00e9 sur le corps) inform\u00e9 sur les traumatismes par le NICABM (National Institute for the Clincial Application of Behavioural Medicine), entre autres. En janvier 2021, j&#8217;ai suivi une formation sur le deuil aupr\u00e8s du Dougy Center &#8211; The National Grief Center for Children &#038; Families. Plus r\u00e9cemment, en novembre 2021, j&#8217;ai re\u00e7u mon certificat de ma\u00eetrise du cours professionnel sur l&#8217;approche Greenspan Floortime. Plus important encore, j&#8217;aime puiser dans ce r\u00e9servoir de connaissances et de ressources pour apprendre \u00e0 conna\u00eetre chaque \u00eatre humain que je soutiens.<\/p>\n<p>*Musicoth\u00e9rapeute accr\u00e9dit\u00e9e<\/p>\n","protected":false},"excerpt":{"rendered":"<p>Bonjour, je m&#8217;appelle Dominique Piqugard. Je suis musicoth\u00e9rapeute certifi\u00e9e (MTA*) et propri\u00e9taire de UB Music-que services th\u00e9rapeutiques. Depuis plus de 25 ans, j&#8217;\u00e9tudie la musique. J&#8217;ai \u00e9tudi\u00e9 le jazz et le chant classique \u00e0 Montr\u00e9al avec des professeures de chant &hellip; <a href=\"https:\/\/ubmusic-que.ca\/fr\/a-propos\/dominique-piqugard\/\">Continuer la lecture <span class=\"meta-nav\"> \u00bb<\/span><\/a><\/p>\n","protected":false},"author":1,"featured_media":0,"parent":381,"menu_order":3,"comment_status":"closed","ping_status":"closed","template":"","meta":{"om_disable_all_campaigns":false,"_monsterinsights_skip_tracking":false,"_monsterinsights_sitenote_active":false,"_monsterinsights_sitenote_note":"","_monsterinsights_sitenote_category":0,"footnotes":""},"class_list":["post-416","page","type-page","status-publish","hentry"],"aioseo_notices":[],"_links":{"self":[{"href":"https:\/\/ubmusic-que.ca\/fr\/wp-json\/wp\/v2\/pages\/416","targetHints":{"allow":["GET"]}}],"collection":[{"href":"https:\/\/ubmusic-que.ca\/fr\/wp-json\/wp\/v2\/pages"}],"about":[{"href":"https:\/\/ubmusic-que.ca\/fr\/wp-json\/wp\/v2\/types\/page"}],"author":[{"embeddable":true,"href":"https:\/\/ubmusic-que.ca\/fr\/wp-json\/wp\/v2\/users\/1"}],"replies":[{"embeddable":true,"href":"https:\/\/ubmusic-que.ca\/fr\/wp-json\/wp\/v2\/comments?post=416"}],"version-history":[{"count":28,"href":"https:\/\/ubmusic-que.ca\/fr\/wp-json\/wp\/v2\/pages\/416\/revisions"}],"predecessor-version":[{"id":1128,"href":"https:\/\/ubmusic-que.ca\/fr\/wp-json\/wp\/v2\/pages\/416\/revisions\/1128"}],"up":[{"embeddable":true,"href":"https:\/\/ubmusic-que.ca\/fr\/wp-json\/wp\/v2\/pages\/381"}],"wp:attachment":[{"href":"https:\/\/ubmusic-que.ca\/fr\/wp-json\/wp\/v2\/media?parent=416"}],"curies":[{"name":"wp","href":"https:\/\/api.w.org\/{rel}","templated":true}]}}