{"id":407,"date":"2017-11-17T17:34:29","date_gmt":"2017-11-17T21:34:29","guid":{"rendered":"https:\/\/ubmusic-que.ca\/cms\/?page_id=407"},"modified":"2026-01-15T15:06:46","modified_gmt":"2026-01-15T19:06:46","slug":"notre-mission","status":"publish","type":"page","link":"https:\/\/ubmusic-que.ca\/fr\/a-propos\/notre-mission\/","title":{"rendered":"Mission et vision"},"content":{"rendered":"<p><strong>Pourquoi la musique nous inspire? <\/strong><\/p>\n<p>Notre mission \u00e0 UB Music-que c&#8217;est d&#8217;engager, d&#8217;\u00e9duquer et de cr\u00e9er des opportunit\u00e9s pour les membres de la communaut\u00e9 locale afin d&#8217;am\u00e9liorer leur qualit\u00e9 de vie et leur inclusion sociale gr\u00e2ce \u00e0 la musicoth\u00e9rapie.  UB Music-que utilise des interventions de musicoth\u00e9rapie de mani\u00e8re attentive, \u00e9thique, s\u00fbre et professionnelle pour des personnes de tous \u00e2ges, cultures, niveaux de capacit\u00e9s et identit\u00e9s de genre.<\/p>\n<p>UB Music-que utilise des interventions de musicoth\u00e9rapie de mani\u00e8re attentive, \u00e9thique, s\u00fbre et professionnelle pour des personnes de tous \u00e2ges, cultures, niveaux de capacit\u00e9s et identit\u00e9s de genre.<\/p>\n<p><strong>Vision<\/strong><\/p>\n<p>Notre vision est de construire un r\u00e9seau communautaire entre des personnes de diff\u00e9rentes capacit\u00e9s, \u00e2ges, cultures et identit\u00e9s de genre. Nous souhaitons faciliter les exp\u00e9riences d&#8217;int\u00e9gration par le biais de la musicoth\u00e9rapie de groupe et de s\u00e9ances individuelles. En outre, nous aspirons \u00e0 offrir des pr\u00e9sentations \u00e9ducatives qui mettent en \u00e9vidence les avantages communs de la cr\u00e9ation musicale, ce que nous avons tous en commun, ce qui est possible et ce que nous pouvons apprendre les uns des autres. <\/p>\n","protected":false},"excerpt":{"rendered":"<p>Pourquoi la musique nous inspire? Notre mission \u00e0 UB Music-que c&#8217;est d&#8217;engager, d&#8217;\u00e9duquer et de cr\u00e9er des opportunit\u00e9s pour les membres de la communaut\u00e9 locale afin d&#8217;am\u00e9liorer leur qualit\u00e9 de vie et leur inclusion sociale gr\u00e2ce \u00e0 la musicoth\u00e9rapie. UB &hellip; <a href=\"https:\/\/ubmusic-que.ca\/fr\/a-propos\/notre-mission\/\">Continuer la lecture <span class=\"meta-nav\"> \u00bb<\/span><\/a><\/p>\n","protected":false},"author":1,"featured_media":0,"parent":381,"menu_order":1,"comment_status":"closed","ping_status":"closed","template":"","meta":{"om_disable_all_campaigns":false,"_monsterinsights_skip_tracking":false,"_monsterinsights_sitenote_active":false,"_monsterinsights_sitenote_note":"","_monsterinsights_sitenote_category":0,"footnotes":""},"class_list":["post-407","page","type-page","status-publish","hentry"],"aioseo_notices":[],"_links":{"self":[{"href":"https:\/\/ubmusic-que.ca\/fr\/wp-json\/wp\/v2\/pages\/407","targetHints":{"allow":["GET"]}}],"collection":[{"href":"https:\/\/ubmusic-que.ca\/fr\/wp-json\/wp\/v2\/pages"}],"about":[{"href":"https:\/\/ubmusic-que.ca\/fr\/wp-json\/wp\/v2\/types\/page"}],"author":[{"embeddable":true,"href":"https:\/\/ubmusic-que.ca\/fr\/wp-json\/wp\/v2\/users\/1"}],"replies":[{"embeddable":true,"href":"https:\/\/ubmusic-que.ca\/fr\/wp-json\/wp\/v2\/comments?post=407"}],"version-history":[{"count":5,"href":"https:\/\/ubmusic-que.ca\/fr\/wp-json\/wp\/v2\/pages\/407\/revisions"}],"predecessor-version":[{"id":1115,"href":"https:\/\/ubmusic-que.ca\/fr\/wp-json\/wp\/v2\/pages\/407\/revisions\/1115"}],"up":[{"embeddable":true,"href":"https:\/\/ubmusic-que.ca\/fr\/wp-json\/wp\/v2\/pages\/381"}],"wp:attachment":[{"href":"https:\/\/ubmusic-que.ca\/fr\/wp-json\/wp\/v2\/media?parent=407"}],"curies":[{"name":"wp","href":"https:\/\/api.w.org\/{rel}","templated":true}]}}