{"id":403,"date":"2017-11-17T17:25:16","date_gmt":"2017-11-17T21:25:16","guid":{"rendered":"https:\/\/ubmusic-que.ca\/cms\/?page_id=403"},"modified":"2026-01-14T09:51:37","modified_gmt":"2026-01-14T13:51:37","slug":"nos-services","status":"publish","type":"page","link":"https:\/\/ubmusic-que.ca\/fr\/nos-services\/","title":{"rendered":"Le quoi et comment nous pouvons vous aider"},"content":{"rendered":"<p>Chez UB Music-que, nous offrons des s\u00e9ances de musicoth\u00e9rapie individuelles, en famille et de groupe pour soutenir familles de notre communaut\u00e9, les aidants et leurs proches atteints de retards de d\u00e9veloppement et\/ou de troubles neurologiques. Nous s\u00e9ances de musicoth\u00e9rapie de groupe sont pour les personnes qui partagent des objectifs communs et des besoins similaires qu&#8217;il est pr\u00e9f\u00e9rable et n\u00e9cessaire d&#8217;atteindre ensemble en communaut\u00e9.<\/p>\n<p>Il pourrait s&#8217;agir de services d&#8217;assistance pour les personnes pr\u00e9sentant, entre autres, les conditions suivantes:<\/p>\n<p>&#8211; Spectre de l&#8217;autisme ;<br \/>\n&#8211; Infirmit\u00e9 motrice c\u00e9r\u00e9brale ;<br \/>\n&#8211; condition trisomique comme le Syndrome de Down ;<br \/>\n&#8211; d\u00e9ficience visuelle ;<br \/>\n&#8211; la maladie d&#8217;Alzheimer et autres formes de d\u00e9mence<br \/>\n&#8211; la maladie de Parkinson ;<br \/>\n&#8211; R\u00e9adaptation apr\u00e8s une attaque cardiovasculaire (AVC) ou un accident vasculaire c\u00e9r\u00e9bral (AVC).<\/p>\n<p>Pour plus de d\u00e9tails sur les types de buts th\u00e9rapeutiques que les s\u00e9ances de musicoth\u00e9rapie peuvent aborder, veuillez lire plus sur<a href=\"https:\/\/ubmusic-que.ca\/fr\/musicotherapie\/buts-therapeutiques\/\" rel=\"noopener noreferrer\" target=\"_blank\">les buts th\u00e9rapeutiques possible ici.<\/a><\/p>\n<p>Nous offrons d\u00e9sormais ces m\u00eames services en ligne afin de soutenir les familles \u00e9loign\u00e9es et en d\u00e9placement qui souhaitent une continuit\u00e9 des soins et des services pendant leur absence. Veuillez lire plus d&#8217;informations sur la <a href=\"https:\/\/ubmusic-que.ca\/fr\/nos-services\/musicotherapie-en-ligne\/\" rel=\"noopener noreferrer\" target=\"_blank\">musicoth\u00e9rapie en ligne en cliquant sur ce lien.<\/a> <\/p>\n<p>Nous offrons \u00e9galement des consultations et des ateliers aux professionnels des institutions \u00e9ducatives, communautaires et de soins de sant\u00e9. Nous voulons les aider \u00e0 mieux utiliser la musique pour le bien-\u00eatre des personnes et des communaut\u00e9s qu&#8217;ils appuient. Pour r\u00e9server un atelier, veuillez <a href=\"https:\/\/ubmusic-que.ca\/fr\/nous-joindre\/\">nous joindre ici.<\/a><\/p>\n","protected":false},"excerpt":{"rendered":"<p>Chez UB Music-que, nous offrons des s\u00e9ances de musicoth\u00e9rapie individuelles, en famille et de groupe pour soutenir familles de notre communaut\u00e9, les aidants et leurs proches atteints de retards de d\u00e9veloppement et\/ou de troubles neurologiques. Nous s\u00e9ances de musicoth\u00e9rapie de &hellip; <a href=\"https:\/\/ubmusic-que.ca\/fr\/nos-services\/\">Continuer la lecture <span class=\"meta-nav\"> \u00bb<\/span><\/a><\/p>\n","protected":false},"author":1,"featured_media":0,"parent":0,"menu_order":0,"comment_status":"closed","ping_status":"closed","template":"","meta":{"om_disable_all_campaigns":false,"_monsterinsights_skip_tracking":false,"_monsterinsights_sitenote_active":false,"_monsterinsights_sitenote_note":"","_monsterinsights_sitenote_category":0,"footnotes":""},"class_list":["post-403","page","type-page","status-publish","hentry"],"aioseo_notices":[],"_links":{"self":[{"href":"https:\/\/ubmusic-que.ca\/fr\/wp-json\/wp\/v2\/pages\/403","targetHints":{"allow":["GET"]}}],"collection":[{"href":"https:\/\/ubmusic-que.ca\/fr\/wp-json\/wp\/v2\/pages"}],"about":[{"href":"https:\/\/ubmusic-que.ca\/fr\/wp-json\/wp\/v2\/types\/page"}],"author":[{"embeddable":true,"href":"https:\/\/ubmusic-que.ca\/fr\/wp-json\/wp\/v2\/users\/1"}],"replies":[{"embeddable":true,"href":"https:\/\/ubmusic-que.ca\/fr\/wp-json\/wp\/v2\/comments?post=403"}],"version-history":[{"count":21,"href":"https:\/\/ubmusic-que.ca\/fr\/wp-json\/wp\/v2\/pages\/403\/revisions"}],"predecessor-version":[{"id":850,"href":"https:\/\/ubmusic-que.ca\/fr\/wp-json\/wp\/v2\/pages\/403\/revisions\/850"}],"wp:attachment":[{"href":"https:\/\/ubmusic-que.ca\/fr\/wp-json\/wp\/v2\/media?parent=403"}],"curies":[{"name":"wp","href":"https:\/\/api.w.org\/{rel}","templated":true}]}}