{"id":391,"date":"2017-11-17T17:13:54","date_gmt":"2017-11-17T21:13:54","guid":{"rendered":"https:\/\/ubmusic-que.ca\/cms\/?page_id=391"},"modified":"2026-01-13T22:42:59","modified_gmt":"2026-01-14T02:42:59","slug":"chez-nous","status":"publish","type":"page","link":"https:\/\/ubmusic-que.ca\/fr\/","title":{"rendered":"Bienvenue!"},"content":{"rendered":"<p>Bienvenue chez UB Music-que!<\/p>\n<p>Nous avons le privil\u00e8ge et le plaisir de vous offrir <a href=\"https:\/\/ubmusic-que.ca\/fr\/nos-services\/\" title=\"Nos services\" rel=\"noopener\" target=\"_blank\">nos services<\/a> de musicoth\u00e9rapie dans l&#8217;un ou l&#8217;autre des langues officiele, (et les deux en m\u00eame temps des fois!). \ud83d\ude42<\/p>\n<p>C&#8217;est quoi la <a href=\"https:\/\/ubmusic-que.ca\/fr\/musicotherapie\/\" title=\"Musicoth\u00e9rapie\" rel=\"noopener\" target=\"_blank\">musicoth\u00e9rapie<\/a>?<\/p>\n<p>Pour en savoir plus, cliquez <a href=\"https:\/\/ubmusic-que.ca\/fr\/musicotherapie\/\">ici<\/a><br \/>\nNous vous offrons <a href=\"\/?page_id=397\" title=\"Ressources\" rel=\"noopener\" target=\"_blank\">un lien ici vers nos ressources ici<\/a> pour continuer votre d\u00e9couverte de la <a href=\"https:\/\/ubmusic-que.ca\/fr\/musicotherapie\/\" title=\"Musicoth\u00e9rapie\" rel=\"noopener\" target=\"_blank\">musicoth\u00e9rapie<\/a>.<\/p>\n<p><img loading=\"lazy\" decoding=\"async\" src=\"https:\/\/ubmusic-que.ca\/cms\/wp-content\/uploads\/2015\/11\/music_wave_311658-300x115.jpg\" alt=\"music_wave_311658\" width=\"300\" height=\"115\" class=\"alignright size-medium wp-image-17\" srcset=\"https:\/\/ubmusic-que.ca\/cms\/wp-content\/uploads\/2015\/11\/music_wave_311658-300x115.jpg 300w, https:\/\/ubmusic-que.ca\/cms\/wp-content\/uploads\/2015\/11\/music_wave_311658.jpg 522w\" sizes=\"auto, (max-width: 300px) 100vw, 300px\" \/><\/p>\n","protected":false},"excerpt":{"rendered":"<p>Bienvenue chez UB Music-que! Nous avons le privil\u00e8ge et le plaisir de vous offrir nos services de musicoth\u00e9rapie dans l&#8217;un ou l&#8217;autre des langues officiele, (et les deux en m\u00eame temps des fois!). \ud83d\ude42 C&#8217;est quoi la musicoth\u00e9rapie? Pour en &hellip; <a href=\"https:\/\/ubmusic-que.ca\/fr\/\">Continuer la lecture <span class=\"meta-nav\"> \u00bb<\/span><\/a><\/p>\n","protected":false},"author":1,"featured_media":0,"parent":0,"menu_order":0,"comment_status":"closed","ping_status":"closed","template":"","meta":{"om_disable_all_campaigns":false,"_monsterinsights_skip_tracking":false,"_monsterinsights_sitenote_active":false,"_monsterinsights_sitenote_note":"","_monsterinsights_sitenote_category":0,"footnotes":""},"class_list":["post-391","page","type-page","status-publish","hentry"],"aioseo_notices":[],"_links":{"self":[{"href":"https:\/\/ubmusic-que.ca\/fr\/wp-json\/wp\/v2\/pages\/391","targetHints":{"allow":["GET"]}}],"collection":[{"href":"https:\/\/ubmusic-que.ca\/fr\/wp-json\/wp\/v2\/pages"}],"about":[{"href":"https:\/\/ubmusic-que.ca\/fr\/wp-json\/wp\/v2\/types\/page"}],"author":[{"embeddable":true,"href":"https:\/\/ubmusic-que.ca\/fr\/wp-json\/wp\/v2\/users\/1"}],"replies":[{"embeddable":true,"href":"https:\/\/ubmusic-que.ca\/fr\/wp-json\/wp\/v2\/comments?post=391"}],"version-history":[{"count":9,"href":"https:\/\/ubmusic-que.ca\/fr\/wp-json\/wp\/v2\/pages\/391\/revisions"}],"predecessor-version":[{"id":1091,"href":"https:\/\/ubmusic-que.ca\/fr\/wp-json\/wp\/v2\/pages\/391\/revisions\/1091"}],"wp:attachment":[{"href":"https:\/\/ubmusic-que.ca\/fr\/wp-json\/wp\/v2\/media?parent=391"}],"curies":[{"name":"wp","href":"https:\/\/api.w.org\/{rel}","templated":true}]}}