{"id":384,"date":"2017-11-17T17:11:36","date_gmt":"2017-11-17T21:11:36","guid":{"rendered":"https:\/\/ubmusic-que.ca\/cms\/?page_id=384"},"modified":"2026-01-05T22:38:15","modified_gmt":"2026-01-06T02:38:15","slug":"nous-joindre","status":"publish","type":"page","link":"https:\/\/ubmusic-que.ca\/fr\/nous-joindre\/","title":{"rendered":"Nous joindre"},"content":{"rendered":"<p>Veuillez fixer un moment pr\u00e9cis pour nous appeler.<br \/>\nJe veux bien vous accorder toute notre attention pour r\u00e9pondre \u00e0 vos questions.<br \/>\nD\u00e9couvrons ensemble si nos services de musicoth\u00e9rapie seraient b\u00e9n\u00e9fiques pour vous et votre famille.<\/p>\n<p>Vous pouvez \u00e9galement nous poser vos questions ci-dessous et nous vous r\u00e9pondrons dans les plus brefs d\u00e9lais.<\/p>\n<style id=\"wpforms-css-vars-1061\">\n\t\t\t\t#wpforms-1061 {\n\t\t\t\t--wpforms-field-size-input-height: 43px;\n--wpforms-field-size-input-spacing: 15px;\n--wpforms-field-size-font-size: 16px;\n--wpforms-field-size-line-height: 19px;\n--wpforms-field-size-padding-h: 14px;\n--wpforms-field-size-checkbox-size: 16px;\n--wpforms-field-size-sublabel-spacing: 5px;\n--wpforms-field-size-icon-size: 1;\n--wpforms-label-size-font-size: 16px;\n--wpforms-label-size-line-height: 19px;\n--wpforms-label-size-sublabel-font-size: 14px;\n--wpforms-label-size-sublabel-line-height: 17px;\n--wpforms-button-size-font-size: 17px;\n--wpforms-button-size-height: 41px;\n--wpforms-button-size-padding-h: 15px;\n--wpforms-button-size-margin-top: 10px;\n--wpforms-container-shadow-size-box-shadow: none;\n\t\t\t}\n\t\t\t<\/style><div class=\"wpforms-container wpforms-container-full wpforms-render-modern\" id=\"wpforms-1061\"><form id=\"wpforms-form-1061\" class=\"wpforms-validate wpforms-form wpforms-ajax-form\" data-formid=\"1061\" method=\"post\" enctype=\"multipart\/form-data\" action=\"\/fr\/wp-json\/wp\/v2\/pages\/384\" data-token=\"1dddfcf5626a5082b8511e3630ef55a1\" data-token-time=\"1776279159\"><noscript class=\"wpforms-error-noscript\">Please enable JavaScript in your browser to complete this form.<\/noscript><div id=\"wpforms-error-noscript\" style=\"display: none;\">Please enable JavaScript in your browser to complete this form.<\/div><div class=\"wpforms-field-container\"><div id=\"wpforms-1061-field_1-container\" class=\"wpforms-field wpforms-field-name\" data-field-id=\"1\"><label class=\"wpforms-field-label\" for=\"wpforms-1061-field_1\">Je m&#039;appelle: <span class=\"wpforms-required-label\" aria-hidden=\"true\">*<\/span><\/label><input type=\"text\" id=\"wpforms-1061-field_1\" class=\"wpforms-field-medium wpforms-field-required\" name=\"wpforms[fields][1]\" aria-errormessage=\"wpforms-1061-field_1-error\" required><\/div><div id=\"wpforms-1061-field_2-container\" class=\"wpforms-field wpforms-field-email wpforms-conditional-trigger\" data-field-id=\"2\"><label class=\"wpforms-field-label\" for=\"wpforms-1061-field_2\">Mon courriel est le suivant: <span class=\"wpforms-required-label\" aria-hidden=\"true\">*<\/span><\/label><input type=\"email\" id=\"wpforms-1061-field_2\" class=\"wpforms-field-medium wpforms-field-required\" name=\"wpforms[fields][2]\" spellcheck=\"false\" aria-errormessage=\"wpforms-1061-field_2-error\" required><\/div><div id=\"wpforms-1061-field_7-container\" class=\"wpforms-field wpforms-field-radio wpforms-conditional-field wpforms-conditional-show wpforms-conditional-trigger\" data-field-id=\"7\" style=\"display:none;\"><fieldset><legend class=\"wpforms-field-label\">Aidez-nous, s&#039;il vous pla\u00eet. J&#039;esp\u00e8re que vous pourrez nous fournir :<\/legend><ul id=\"wpforms-1061-field_7\"><li class=\"choice-5 depth-1\"><input type=\"radio\" id=\"wpforms-1061-field_7_5\" name=\"wpforms[fields][7]\" value=\"\u00c0 propos des s\u00e9ances en famille\" aria-errormessage=\"wpforms-1061-field_7_5-error\"  ><label class=\"wpforms-field-label-inline\" for=\"wpforms-1061-field_7_5\">\u00c0 propos des s\u00e9ances en famille<\/label><\/li><li class=\"choice-2 depth-1\"><input type=\"radio\" id=\"wpforms-1061-field_7_2\" name=\"wpforms[fields][7]\" value=\"Ressources pour les soins quotidiens\" aria-errormessage=\"wpforms-1061-field_7_2-error\"  ><label class=\"wpforms-field-label-inline\" for=\"wpforms-1061-field_7_2\">Ressources pour les soins quotidiens<\/label><\/li><li class=\"choice-1 depth-1\"><input type=\"radio\" id=\"wpforms-1061-field_7_1\" name=\"wpforms[fields][7]\" value=\"Conseils pour apporter soutien et r\u00e9confort\" aria-errormessage=\"wpforms-1061-field_7_1-error\"  ><label class=\"wpforms-field-label-inline\" for=\"wpforms-1061-field_7_1\">Conseils pour apporter soutien et r\u00e9confort<\/label><\/li><li class=\"choice-8 depth-1\"><input type=\"radio\" id=\"wpforms-1061-field_7_8\" name=\"wpforms[fields][7]\" value=\"Encouragement \u00e0 prendre soin de soi et \u00e0 cultiver son bien-\u00eatre\" aria-errormessage=\"wpforms-1061-field_7_8-error\"  ><label class=\"wpforms-field-label-inline\" for=\"wpforms-1061-field_7_8\">Encouragement \u00e0 prendre soin de soi et \u00e0 cultiver son bien-\u00eatre<\/label><\/li><li class=\"choice-7 depth-1\"><input type=\"radio\" id=\"wpforms-1061-field_7_7\" name=\"wpforms[fields][7]\" value=\"Ressources p\u00e9dagogiques et ateliers\" aria-errormessage=\"wpforms-1061-field_7_7-error\"  ><label class=\"wpforms-field-label-inline\" for=\"wpforms-1061-field_7_7\">Ressources p\u00e9dagogiques et ateliers<\/label><\/li><li class=\"choice-9 depth-1\"><input type=\"radio\" id=\"wpforms-1061-field_7_9\" name=\"wpforms[fields][7]\" value=\"R\u00e9seaux de groupes de soutien\" aria-errormessage=\"wpforms-1061-field_7_9-error\"  ><label class=\"wpforms-field-label-inline\" for=\"wpforms-1061-field_7_9\">R\u00e9seaux de groupes de soutien<\/label><\/li><li class=\"choice-6 depth-1\"><input type=\"radio\" id=\"wpforms-1061-field_7_6\" name=\"wpforms[fields][7]\" value=\"R\u00e9seaux de soutien entre pairs\" aria-errormessage=\"wpforms-1061-field_7_6-error\"  ><label class=\"wpforms-field-label-inline\" for=\"wpforms-1061-field_7_6\">R\u00e9seaux de soutien entre pairs<\/label><\/li><li class=\"choice-4 depth-1\"><input type=\"radio\" id=\"wpforms-1061-field_7_4\" name=\"wpforms[fields][7]\" value=\"Mises \u00e0 jour sur les services et programmes communautaires\" aria-errormessage=\"wpforms-1061-field_7_4-error\"  ><label class=\"wpforms-field-label-inline\" for=\"wpforms-1061-field_7_4\">Mises \u00e0 jour sur les services et programmes communautaires<\/label><\/li><\/ul><\/fieldset><\/div><div id=\"wpforms-1061-field_5-container\" class=\"wpforms-field wpforms-field-date-time wpforms-conditional-field wpforms-conditional-show\" data-field-id=\"5\" style=\"display:none;\"><fieldset><legend class=\"wpforms-field-label\">Il vaut mieux qu&#039;on discute... (option 1)<\/legend><div class=\"wpforms-field-row wpforms-field-medium\"><div class=\"wpforms-field-row-block wpforms-date-type-datepicker\"><div class=\"wpforms-datepicker-wrap\"><input type=\"text\" id=\"wpforms-1061-field_5\" class=\"wpforms-field-date-time-date wpforms-datepicker\" data-date-format=\"m\/d\/Y\" data-disable-past-dates=\"0\" data-input=\"true\" name=\"wpforms[fields][5][date]\" aria-errormessage=\"wpforms-1061-field_5-error\" aria-describedby=\"wpforms-1061-field_5-description\" ><a title=\"Clear Date\" data-clear role=\"button\" tabindex=\"0\" class=\"wpforms-datepicker-clear\" aria-label=\"Clear Date\" style=\"display:none;\"><\/a><\/div><label for=\"wpforms-1061-field_5\" class=\"wpforms-field-sublabel after\">Date<\/label><\/div><div class=\"wpforms-field-row-block\"><input type=\"text\" id=\"wpforms-1061-field_5-time\" class=\"wpforms-field-date-time-time wpforms-timepicker\" data-time-format=\"g:i A\" data-step=\"30\" data-rule-time12h=\"true\" name=\"wpforms[fields][5][time]\" aria-errormessage=\"wpforms-1061-field_5-time-error\" aria-describedby=\"wpforms-1061-field_5-description\" ><label for=\"wpforms-1061-field_5-time\" class=\"wpforms-field-sublabel after\">Time<\/label><\/div><\/div><div id=\"wpforms-1061-field_5-description\" class=\"wpforms-field-description\">Date et l'heure<\/div><\/fieldset><\/div>\t\t<div id=\"wpforms-1061-field_4-container\"\n\t\t\tclass=\"wpforms-field wpforms-field-text\"\n\t\t\tdata-field-type=\"text\"\n\t\t\tdata-field-id=\"4\"\n\t\t\t>\n\t\t\t<label class=\"wpforms-field-label\" for=\"wpforms-1061-field_4\" >votre pla\u00eet. discute...<\/label>\n\t\t\t<input type=\"text\" id=\"wpforms-1061-field_4\" class=\"wpforms-field-medium\" name=\"wpforms[fields][4]\" >\n\t\t<\/div>\n\t\t<div id=\"wpforms-1061-field_8-container\" class=\"wpforms-field wpforms-field-date-time wpforms-conditional-field wpforms-conditional-show\" data-field-id=\"8\" style=\"display:none;\"><fieldset><legend class=\"wpforms-field-label\">Il vaut mieux qu&#039;on discute... (option 2)<\/legend><div class=\"wpforms-field-row wpforms-field-medium\"><div class=\"wpforms-field-row-block wpforms-date-type-datepicker\"><div class=\"wpforms-datepicker-wrap\"><input type=\"text\" id=\"wpforms-1061-field_8\" class=\"wpforms-field-date-time-date wpforms-datepicker\" data-date-format=\"m\/d\/Y\" data-disable-past-dates=\"0\" data-input=\"true\" name=\"wpforms[fields][8][date]\" aria-errormessage=\"wpforms-1061-field_8-error\" aria-describedby=\"wpforms-1061-field_8-description\" ><a title=\"Clear Date\" data-clear role=\"button\" tabindex=\"0\" class=\"wpforms-datepicker-clear\" aria-label=\"Clear Date\" style=\"display:none;\"><\/a><\/div><label for=\"wpforms-1061-field_8\" class=\"wpforms-field-sublabel after\">Date<\/label><\/div><div class=\"wpforms-field-row-block\"><input type=\"text\" id=\"wpforms-1061-field_8-time\" class=\"wpforms-field-date-time-time wpforms-timepicker\" data-time-format=\"g:i A\" data-step=\"30\" data-rule-time12h=\"true\" name=\"wpforms[fields][8][time]\" aria-errormessage=\"wpforms-1061-field_8-time-error\" aria-describedby=\"wpforms-1061-field_8-description\" ><label for=\"wpforms-1061-field_8-time\" class=\"wpforms-field-sublabel after\">Time<\/label><\/div><\/div><div id=\"wpforms-1061-field_8-description\" class=\"wpforms-field-description\">Date et l'heure<\/div><\/fieldset><\/div><div id=\"wpforms-1061-field_10-container\" class=\"wpforms-field wpforms-field-phone wpforms-conditional-field wpforms-conditional-show\" data-field-id=\"10\" style=\"display:none;\"><label class=\"wpforms-field-label\" for=\"wpforms-1061-field_10\">T\u00e9l\u00e9phone<\/label><input type=\"tel\" id=\"wpforms-1061-field_10\" class=\"wpforms-field-medium wpforms-smart-phone-field\" data-rule-smart-phone-field=\"true\" name=\"wpforms[fields][10]\" aria-label=\"T\u00e9l\u00e9phone\" aria-errormessage=\"wpforms-1061-field_10-error\" ><\/div><div id=\"wpforms-1061-field_11-container\" class=\"wpforms-field wpforms-field-captcha wpforms-conditional-field wpforms-conditional-show\" data-field-id=\"11\" style=\"display:none;\"><label class=\"wpforms-field-label\" for=\"wpforms-1061-field_11\">Captcha <span class=\"wpforms-required-label\" aria-hidden=\"true\">*<\/span><\/label>\t\t\t<div class=\"wpforms-captcha-math\">\n\t\t\t\t<span id=\"wpforms-1061-field_11-question\" class=\"wpforms-captcha-equation\">\n\t\t\t\t\t<span class=\"n1\">12<\/span>\n\t\t\t\t\t\t\t<span class=\"cal\">*<\/span>\n\t\t\t\t\t\t\t<span class=\"n2\">7<\/span>\t\t\t\t\t<span class=\"e\">=<\/span>\n\t\t\t\t<\/span>\n\t\t\t\t<input type=\"text\" id=\"wpforms-1061-field_11\" class=\"wpforms-field-medium wpforms-field-required a\" data-rule-wpf-captcha=\"math\" data-is-wrapped-field=\"1\" name=\"wpforms[fields][11][a]\" aria-errormessage=\"wpforms-1061-field_11-error\" aria-describedby=\"wpforms-1061-field_11-question\" required>\t\t\t\t<input type=\"hidden\" name=\"wpforms[fields][11][cal]\" class=\"cal\">\n\t\t\t\t<input type=\"hidden\" name=\"wpforms[fields][11][n2]\" class=\"n2\">\n\t\t\t\t<input type=\"hidden\" name=\"wpforms[fields][11][n1]\" class=\"n1\">\n\t\t\t<\/div>\n\t\t\t<\/div><div id=\"wpforms-1061-field_3-container\" class=\"wpforms-field wpforms-field-textarea wpforms-conditional-field wpforms-conditional-show\" data-field-id=\"3\" style=\"display:none;\"><label class=\"wpforms-field-label\" for=\"wpforms-1061-field_3\">Vos commentaires ou votre message<\/label><textarea id=\"wpforms-1061-field_3\" class=\"wpforms-field-medium\" name=\"wpforms[fields][3]\" aria-errormessage=\"wpforms-1061-field_3-error\" aria-describedby=\"wpforms-1061-field_3-description\" ><\/textarea><div id=\"wpforms-1061-field_3-description\" class=\"wpforms-field-description\">Veuillez garder les informations personnelles pour notre discussion. Nous accordons une grande importance \u00e0 votre vie priv\u00e9e et \u00e0 la confidentialit\u00e9. <\/div><\/div><script>\n\t\t\t\t( function() {\n\t\t\t\t\tconst style = document.createElement( 'style' );\n\t\t\t\t\tstyle.appendChild( document.createTextNode( '#wpforms-1061-field_4-container { position: absolute !important; overflow: hidden !important; display: inline !important; height: 1px !important; width: 1px !important; z-index: -1000 !important; padding: 0 !important; } #wpforms-1061-field_4-container input { visibility: hidden; } #wpforms-conversational-form-page #wpforms-1061-field_4-container label { counter-increment: none; }' ) );\n\t\t\t\t\tdocument.head.appendChild( style );\n\t\t\t\t\tdocument.currentScript?.remove();\n\t\t\t\t} )();\n\t\t\t<\/script><\/div><!-- .wpforms-field-container --><div class=\"wpforms-submit-container\" ><input type=\"hidden\" name=\"wpforms[id]\" value=\"1061\"><input type=\"hidden\" name=\"page_title\" value=\"\"><input type=\"hidden\" name=\"page_url\" value=\"https:\/\/ubmusic-que.ca\/fr\/wp-json\/wp\/v2\/pages\/384\"><input type=\"hidden\" name=\"url_referer\" value=\"\"><button type=\"submit\" name=\"wpforms[submit]\" id=\"wpforms-submit-1061\" class=\"wpforms-submit\" data-alt-text=\"En route...\" data-submit-text=\"Envoyer\" aria-live=\"assertive\" value=\"wpforms-submit\">Envoyer<\/button><img loading=\"lazy\" decoding=\"async\" src=\"https:\/\/ubmusic-que.ca\/cms\/wp-content\/plugins\/wpforms\/assets\/images\/submit-spin.svg\" class=\"wpforms-submit-spinner\" style=\"display: none;\" width=\"26\" height=\"26\" alt=\"Loading\"><\/div><\/form><\/div>  <!-- .wpforms-container -->\n","protected":false},"excerpt":{"rendered":"<p>Veuillez fixer un moment pr\u00e9cis pour nous appeler. Je veux bien vous accorder toute notre attention pour r\u00e9pondre \u00e0 vos questions. D\u00e9couvrons ensemble si nos services de musicoth\u00e9rapie seraient b\u00e9n\u00e9fiques pour vous et votre famille. Vous pouvez \u00e9galement nous poser &hellip; <a href=\"https:\/\/ubmusic-que.ca\/fr\/nous-joindre\/\">Continuer la lecture <span class=\"meta-nav\"> \u00bb<\/span><\/a><\/p>\n","protected":false},"author":1,"featured_media":0,"parent":0,"menu_order":0,"comment_status":"closed","ping_status":"closed","template":"","meta":{"om_disable_all_campaigns":false,"_monsterinsights_skip_tracking":false,"_monsterinsights_sitenote_active":false,"_monsterinsights_sitenote_note":"","_monsterinsights_sitenote_category":0,"footnotes":""},"class_list":["post-384","page","type-page","status-publish","hentry"],"aioseo_notices":[],"_links":{"self":[{"href":"https:\/\/ubmusic-que.ca\/fr\/wp-json\/wp\/v2\/pages\/384","targetHints":{"allow":["GET"]}}],"collection":[{"href":"https:\/\/ubmusic-que.ca\/fr\/wp-json\/wp\/v2\/pages"}],"about":[{"href":"https:\/\/ubmusic-que.ca\/fr\/wp-json\/wp\/v2\/types\/page"}],"author":[{"embeddable":true,"href":"https:\/\/ubmusic-que.ca\/fr\/wp-json\/wp\/v2\/users\/1"}],"replies":[{"embeddable":true,"href":"https:\/\/ubmusic-que.ca\/fr\/wp-json\/wp\/v2\/comments?post=384"}],"version-history":[{"count":26,"href":"https:\/\/ubmusic-que.ca\/fr\/wp-json\/wp\/v2\/pages\/384\/revisions"}],"predecessor-version":[{"id":1074,"href":"https:\/\/ubmusic-que.ca\/fr\/wp-json\/wp\/v2\/pages\/384\/revisions\/1074"}],"wp:attachment":[{"href":"https:\/\/ubmusic-que.ca\/fr\/wp-json\/wp\/v2\/media?parent=384"}],"curies":[{"name":"wp","href":"https:\/\/api.w.org\/{rel}","templated":true}]}}