{"id":381,"date":"2017-11-17T17:09:14","date_gmt":"2017-11-17T21:09:14","guid":{"rendered":"https:\/\/ubmusic-que.ca\/cms\/?page_id=381"},"modified":"2026-01-23T22:58:05","modified_gmt":"2026-01-24T02:58:05","slug":"a-propos","status":"publish","type":"page","link":"https:\/\/ubmusic-que.ca\/fr\/a-propos\/","title":{"rendered":"\u00c0 propos de nous"},"content":{"rendered":"<p><strong>UB Music que \u2013 Utiliser la musique pour enrichir la qualit\u00e9 de vie<\/strong><\/p>\n<p>Nous proposons des exp\u00e9riences de musicoth\u00e9rapie fond\u00e9es sur des donn\u00e9es probantes qui autonomisent et soutiennent les familles confront\u00e9es \u00e0 des d\u00e9fis et des changements li\u00e9s \u00e0 la sant\u00e9, \u00e0 des neurodivergentes d\u00e9veloppementales, \u00e0 des soins palliatifs et au deuil.<\/p>\n<p><strong>Philosophie fondamentale<\/strong><\/p>\n<p>\u2022    Approche \u00e9cologique et sensibilisation aux traumatismes : nous respectons le contexte de chaque personne : foyer, \u00e9cole, culture et communaut\u00e9.<br \/>\n\u2022    Approche centr\u00e9e sur nos relations : la gu\u00e9rison na\u00eet d&#8217;interactions musicales bas\u00e9es sur la confiance.<br \/>\n\u2022    Approche centr\u00e9e sur l&#8217;ensemble de la famille : les s\u00e9ances sont con\u00e7ues en collaboration avec les parents\/aidants afin de renforcer la communication et le sentiment d&#8217;appartenance.<\/p>\n<p><strong>Nos s\u00e9ances :<\/strong><\/p>\n<p><strong>Respecter la croissance individuelle<\/strong> \u2013 Nous rencontrons les familles l\u00e0 o\u00f9 elles en sont, en observant leurs forces actuelles avant d&#8217;introduire de nouvelles comp\u00e9tences et exp\u00e9riences.<\/p>\n<p><strong>\u00c9tablir de v\u00e9ritables liens<\/strong> \u2013 Les exp\u00e9riences musicales qui encouragent le partage des \u00e9motions, la prise de parole \u00e0 tour de r\u00f4le et le dialogue verbal\/non verbal renforcent les comp\u00e9tences sociales et \u00e9motionnelles et le bien-\u00eatre gr\u00e2ce aux relations, \u00e0 l&#8217;image du mod\u00e8le relationnel DIR\/Floortime.<\/p>\n<p><strong>Soutenir l&#8217;ensemble de la famille<\/strong> \u2013 Les parents et les aidants et membres de familles contribuent \u00e0 fa\u00e7onner chaque s\u00e9ance; les activit\u00e9s rythmiques renforcent la confiance et la coh\u00e9sion relationnelle.<\/p>\n<p><strong>Favoriser le d\u00e9veloppement du cerveau<\/strong> \u2013 La musique stimule simultan\u00e9ment plusieurs r\u00e9gions du cerveau tel que les r\u00e9seaux moteurs, auditifs, \u00e9motionnels et cognitifs, favorisant ainsi la cr\u00e9ation de nouvelles connexions neuronales pour les t\u00e2ches quotidiennes \u2014 comme marcher, manger, parler ou socialiser avec les autres. Avec de la pers\u00e9v\u00e9rance et de la r\u00e9p\u00e9tition, ces nouvelles connexions deviennent de plus en plus faciles d&#8217;acc\u00e8s.  <\/p>\n<p><strong>Int\u00e9grer dans la vie quotidienne<\/strong> \u2013 Nous tenons compte du contexte communautaire \u2014 la maison, l\u2019\u00e9cole, et la culture.  Les activit\u00e9s sont con\u00e7ues pour s&#8217;int\u00e9grer harmonieusement et naturellement aux routines quotidiennes et qui s\u2019appuient sur les forces d\u00e9j\u00e0 pr\u00e9sentes au sein des familles.<\/p>\n<p><strong>Pourquoi la musique fonctionne<\/strong><\/p>\n<p>En tant qu\u2019\u00eatres humains, nous naissons avec une capacit\u00e9 inn\u00e9e \u00e0 nous synchroniser au rythme. La musique mobilise \u00e0 la fois <a href=\"https:\/\/ubmusic-que.ca\/fr\/musicotherapie\/buts-therapeutiques\/\" title=\"Buts th\u00e9rapeutiques\">les dimensions motrices, auditives, \u00e9motionnelles et cognitives, offrant un pont non verbal pour l\u2019expression et la connexion<\/a>. Dominique est particuli\u00e8rement reconnaissante de constater comment cette capacit\u00e9 naturelle soutient des familles comme la sienne \u2014 comme maman de trois enfants, dont un de ses jumeaux est non verbal &#8211; qui b\u00e9n\u00e9ficient chaque jour du jeu rythmique, des rep\u00e8res m\u00e9lodiques et des rituels musicaux partag\u00e9s, lesquels approfondissent la communication, la confiance et le sentiment d\u2019appartenance.<\/p>\n","protected":false},"excerpt":{"rendered":"<p>UB Music que \u2013 Utiliser la musique pour enrichir la qualit\u00e9 de vie Nous proposons des exp\u00e9riences de musicoth\u00e9rapie fond\u00e9es sur des donn\u00e9es probantes qui autonomisent et soutiennent les familles confront\u00e9es \u00e0 des d\u00e9fis et des changements li\u00e9s \u00e0 la &hellip; <a href=\"https:\/\/ubmusic-que.ca\/fr\/a-propos\/\">Continuer la lecture <span class=\"meta-nav\"> \u00bb<\/span><\/a><\/p>\n","protected":false},"author":1,"featured_media":0,"parent":0,"menu_order":0,"comment_status":"closed","ping_status":"closed","template":"","meta":{"om_disable_all_campaigns":false,"_monsterinsights_skip_tracking":false,"_monsterinsights_sitenote_active":false,"_monsterinsights_sitenote_note":"","_monsterinsights_sitenote_category":0,"footnotes":""},"class_list":["post-381","page","type-page","status-publish","hentry"],"aioseo_notices":[],"_links":{"self":[{"href":"https:\/\/ubmusic-que.ca\/fr\/wp-json\/wp\/v2\/pages\/381","targetHints":{"allow":["GET"]}}],"collection":[{"href":"https:\/\/ubmusic-que.ca\/fr\/wp-json\/wp\/v2\/pages"}],"about":[{"href":"https:\/\/ubmusic-que.ca\/fr\/wp-json\/wp\/v2\/types\/page"}],"author":[{"embeddable":true,"href":"https:\/\/ubmusic-que.ca\/fr\/wp-json\/wp\/v2\/users\/1"}],"replies":[{"embeddable":true,"href":"https:\/\/ubmusic-que.ca\/fr\/wp-json\/wp\/v2\/comments?post=381"}],"version-history":[{"count":20,"href":"https:\/\/ubmusic-que.ca\/fr\/wp-json\/wp\/v2\/pages\/381\/revisions"}],"predecessor-version":[{"id":1137,"href":"https:\/\/ubmusic-que.ca\/fr\/wp-json\/wp\/v2\/pages\/381\/revisions\/1137"}],"wp:attachment":[{"href":"https:\/\/ubmusic-que.ca\/fr\/wp-json\/wp\/v2\/media?parent=381"}],"curies":[{"name":"wp","href":"https:\/\/api.w.org\/{rel}","templated":true}]}}